{"id":11816,"date":"2021-08-19T01:12:00","date_gmt":"2021-08-19T01:12:00","guid":{"rendered":"https:\/\/quintadaestrela.com\/datenschutzbestimmungen\/"},"modified":"2025-11-26T11:50:35","modified_gmt":"2025-11-26T11:50:35","slug":"datenschutzbestimmungen","status":"publish","type":"page","link":"https:\/\/quintadaestrela.com\/de\/datenschutzbestimmungen\/","title":{"rendered":"Datenschutzbestimmungen"},"content":{"rendered":"\t\t<div data-elementor-type=\"wp-page\" data-elementor-id=\"11816\" class=\"elementor elementor-11816 elementor-2402\">\n\t\t\t\t\t\t<section class=\"elementor-section elementor-top-section elementor-element elementor-element-39e18f0e elementor-section-boxed elementor-section-height-default elementor-section-height-default\" data-id=\"39e18f0e\" data-element_type=\"section\" data-e-type=\"section\">\n\t\t\t\t\t\t<div class=\"elementor-container elementor-column-gap-default\">\n\t\t\t\t\t<div class=\"elementor-column elementor-col-100 elementor-top-column elementor-element elementor-element-35b12e69\" data-id=\"35b12e69\" data-element_type=\"column\" data-e-type=\"column\">\n\t\t\t<div class=\"elementor-widget-wrap elementor-element-populated\">\n\t\t\t\t\t\t<div class=\"elementor-element elementor-element-7c857ea4 elementor-widget elementor-widget-text-editor\" data-id=\"7c857ea4\" data-element_type=\"widget\" data-e-type=\"widget\" data-widget_type=\"text-editor.default\">\n\t\t\t\t<div class=\"elementor-widget-container\">\n\t\t\t\t\t\t\t\t\t<h4 class=\"p1\"><span class=\"s1\"><b>Datenschutzrichtlinie f\u00fcr Quinta da Estrela<\/b><\/span><\/h4><p class=\"p1\">Wir bei Quinta da Estrela sind uns der Bedeutung Ihrer Privatsph\u00e4re bewusst und unternehmen alle Anstrengungen, um Ihre pers\u00f6nlichen Daten zu sch\u00fctzen. In dieser Datenschutzrichtlinie wird beschrieben, wie wir Ihre Daten erfassen, verwenden, weitergeben und sch\u00fctzen.<\/p><p class=\"p1\"><b>1. Gesammelte Informationen<\/b><\/p><p class=\"p1\">Wenn Sie bei uns \u00fcbernachten oder unsere Website nutzen, k\u00f6nnen wir die folgenden Informationen sammeln:<\/p><p class=\"p1\">&#8211; Pers\u00f6nliche Daten wie Name, Kontaktinformationen und Zahlungsangaben.<\/p><p class=\"p1\">&#8211; Informationen \u00fcber Ihren Aufenthalt, einschlie\u00dflich An- und Abreisedaten, Vorlieben und Sonderw\u00fcnsche.<\/p><p class=\"p1\">&#8211; Informationen, die Sie in Umfragen, Bewertungen oder Feedback-Formularen angeben.<\/p><p class=\"p1\">&#8211; Daten, die wir automatisch sammeln, wie IP-Adressen, Browsertypen und Nutzungsmuster auf unserer Website.<\/p><p class=\"p1\"><b>2. Verwendung von Informationen<\/b><\/p><p class=\"p1\">Wir verwenden Ihre Daten f\u00fcr die folgenden Zwecke:<\/p><p class=\"p1\">&#8211; Bearbeitung Ihrer Reservierungen und Zahlungen.<\/p><p class=\"p1\">&#8211; Pers\u00f6nlicher Service w\u00e4hrend Ihres Aufenthalts.<\/p><p class=\"p1\">&#8211; Verbesserung unserer Dienstleistungen und unserer Website.<\/p><p class=\"p1\">&#8211; Information \u00fcber Sonderangebote und Werbeaktionen (wenn Sie Ihre Zustimmung gegeben haben).<\/p><p class=\"p1\"><b>3. Weitergabe von Informationen<\/b><\/p><p class=\"p1\">Wir geben Ihre Daten nur dann an Dritte weiter, wenn dies f\u00fcr die Bearbeitung Ihrer Reservierung oder zur Erf\u00fcllung gesetzlicher Verpflichtungen erforderlich ist.<\/p><p class=\"p1\"><b>4. Sicherheit der Informationen<\/b><\/p><p class=\"p1\">Wir setzen angemessene Sicherheitsma\u00dfnahmen ein, um Ihre Daten vor unbefugtem Zugriff, Verlust oder Diebstahl zu sch\u00fctzen.<\/p><p class=\"p1\"><b>5. Deine Rechte<\/b><\/p><p class=\"p1\">Sie haben das Recht, Ihre Daten einzusehen, zu aktualisieren oder zu l\u00f6schen. Bitte kontaktieren Sie uns f\u00fcr Hilfe.<\/p><p class=\"p1\"><b>6. \u00c4nderungen der Datenschutzrichtlinie<\/b><\/p><p class=\"p1\">Diese Datenschutzrichtlinie kann regelm\u00e4\u00dfig aktualisiert werden. Bitte \u00fcberpr\u00fcfen Sie diese Seite regelm\u00e4\u00dfig auf die neuesten Informationen.<\/p><p class=\"p1\">Wenn Sie Fragen oder Anmerkungen zu unserer Datenschutzpolitik haben, k\u00f6nnen Sie uns \u00fcber das Kontaktformular auf unserer Website kontaktieren.<\/p><p class=\"p1\"><span class=\"s1\"><b>Cookie-Richtlinie f\u00fcr Quinta da Estrela<\/b><\/span><\/p><p class=\"p1\">Diese Cookie-Richtlinie beschreibt, wie Quinta da Estrela Cookies und \u00e4hnliche Technologien auf unserer Website verwendet. Durch die weitere Nutzung unserer Website erkl\u00e4ren Sie sich mit der Verwendung von Cookies wie in dieser Richtlinie beschrieben einverstanden.<\/p><p class=\"p1\"><span class=\"s1\"><b>Was sind Cookies?<\/b><\/span><\/p><p class=\"p1\">Cookies sind kleine Textdateien, die auf Ihrem Ger\u00e4t gespeichert werden, wenn Sie eine Website besuchen. Sie werden in der Regel verwendet, um den Betrieb von Websites effizienter zu gestalten und um den Website-Besitzern Informationen zur Verf\u00fcgung zu stellen.<\/p><p class=\"p1\"><span class=\"s1\"><b>Arten von Cookies, die wir verwenden<\/b><\/span><\/p><p class=\"p1\">1. Streng Notwendige Cookies: Diese Cookies sind f\u00fcr das Funktionieren unserer Website unerl\u00e4sslich und erm\u00f6glichen Ihnen die Navigation auf der Website und die Nutzung ihrer Funktionen.<\/p><p class=\"p1\">2. Leistungs-Cookies: Diese Cookies sammeln Informationen dar\u00fcber, wie Besucher unsere Website nutzen, z. B. welche Seiten am h\u00e4ufigsten besucht werden. Sie helfen uns, den Betrieb unserer Website zu verbessern.<\/p><p class=\"p1\">3. Funktionale Cookies: Diese Cookies erm\u00f6glichen es der Website, sich an die von Ihnen getroffenen Entscheidungen zu erinnern (z. B. an Ihren Benutzernamen, Ihre Sprache oder Ihre Region) und bieten erweiterte Funktionen und Personalisierung.<\/p><p class=\"p1\">4. Tracking- und Werbe-Cookies: Diese Cookies werden verwendet, um Informationen \u00fcber Ihre Surfgewohnheiten zu sammeln und Werbung anzuzeigen, die f\u00fcr Ihre Interessen relevant ist. Wir k\u00f6nnen auch Dritten erlauben, diese Cookies auf unserer Website zu platzieren.<\/p><p class=\"p1\"><span class=\"s1\"><b>Verwaltung von Cookies<\/b><\/span><\/p><p class=\"p1\">Sie k\u00f6nnen Cookies in den Einstellungen Ihres Browsers verwalten und l\u00f6schen. Sie k\u00f6nnen das Setzen von Cookies auch verhindern, indem Sie Ihren Browser so konfigurieren, dass er alle Cookies oder bestimmte Arten von Cookies ablehnt. Bitte beachten Sie, dass die Deaktivierung von Cookies die Funktionalit\u00e4t einiger Teile unserer Website beeintr\u00e4chtigen kann.<\/p><p class=\"p1\"><span class=\"s1\"><b>Mehr Informationen<\/b><\/span><\/p><p class=\"p1\">Wenn Sie mehr \u00fcber Cookies und deren Verwendung erfahren m\u00f6chten, kontaktieren Sie uns bitte \u00fcber das Kontaktformular auf unserer Website.<\/p><p class=\"p1\">Diese Cookie-Richtlinie kann in regelm\u00e4\u00dfigen Abst\u00e4nden aktualisiert werden, um etwaige \u00c4nderungen bei der Verwendung von Cookies zu ber\u00fccksichtigen. Bitte \u00fcberpr\u00fcfen Sie diese Seite regelm\u00e4\u00dfig, um die aktuellsten Informationen zu erhalten.<\/p>\t\t\t\t\t\t\t\t<\/div>\n\t\t\t\t<\/div>\n\t\t\t\t\t<\/div>\n\t\t<\/div>\n\t\t\t\t\t<\/div>\n\t\t<\/section>\n\t\t\t\t<\/div>\n\t\t","protected":false},"excerpt":{"rendered":"<p>Datenschutzrichtlinie f\u00fcr Quinta da Estrela Wir bei Quinta da Estrela sind uns der Bedeutung Ihrer Privatsph\u00e4re bewusst und unternehmen alle&#8230; <span class=\"knsl-el-more\"><a href=\"https:\/\/quintadaestrela.com\/de\/datenschutzbestimmungen\/\" class=\"knsl-btn\">Read more<span class=\"screen-reader-text\">Read more&nbsp;Datenschutzbestimmungen<\/span><\/a><\/span><\/p>\n","protected":false},"author":1,"featured_media":0,"parent":0,"menu_order":0,"comment_status":"closed","ping_status":"open","template":"elementor_theme","meta":{"_acf_changed":false,"inline_featured_image":false,"footnotes":""},"class_list":["post-11816","page","type-page","status-publish","hentry"],"acf":[],"yoast_head":"<!-- This site is optimized with the Yoast SEO plugin v27.0 - https:\/\/yoast.com\/product\/yoast-seo-wordpress\/ -->\n<title>Datenschutzbestimmungen - Quinta Da Estrela<\/title>\n<meta name=\"robots\" content=\"index, follow, max-snippet:-1, max-image-preview:large, max-video-preview:-1\" \/>\n<link rel=\"canonical\" href=\"https:\/\/quintadaestrela.com\/de\/datenschutzbestimmungen\/\" \/>\n<meta property=\"og:locale\" content=\"de_DE\" \/>\n<meta property=\"og:type\" content=\"article\" \/>\n<meta property=\"og:title\" content=\"Datenschutzbestimmungen - Quinta Da Estrela\" \/>\n<meta property=\"og:description\" content=\"Datenschutzrichtlinie f\u00fcr Quinta da Estrela Wir bei Quinta da Estrela sind uns der Bedeutung Ihrer Privatsph\u00e4re bewusst und unternehmen alle... Read moreRead more&nbsp;Datenschutzbestimmungen\" \/>\n<meta property=\"og:url\" content=\"https:\/\/quintadaestrela.com\/de\/datenschutzbestimmungen\/\" \/>\n<meta property=\"og:site_name\" content=\"Quinta Da Estrela\" \/>\n<meta property=\"article:modified_time\" content=\"2025-11-26T11:50:35+00:00\" \/>\n<meta name=\"twitter:card\" content=\"summary_large_image\" \/>\n<meta name=\"twitter:label1\" content=\"Gesch\u00e4tzte Lesezeit\" \/>\n\t<meta name=\"twitter:data1\" content=\"3\u00a0Minuten\" \/>\n<script type=\"application\/ld+json\" class=\"yoast-schema-graph\">{\"@context\":\"https:\/\/schema.org\",\"@graph\":[{\"@type\":\"WebPage\",\"@id\":\"https:\/\/quintadaestrela.com\/de\/datenschutzbestimmungen\/\",\"url\":\"https:\/\/quintadaestrela.com\/de\/datenschutzbestimmungen\/\",\"name\":\"Datenschutzbestimmungen - Quinta Da Estrela\",\"isPartOf\":{\"@id\":\"https:\/\/quintadaestrela.com\/de\/#website\"},\"datePublished\":\"2021-08-19T01:12:00+00:00\",\"dateModified\":\"2025-11-26T11:50:35+00:00\",\"breadcrumb\":{\"@id\":\"https:\/\/quintadaestrela.com\/de\/datenschutzbestimmungen\/#breadcrumb\"},\"inLanguage\":\"de\",\"potentialAction\":[{\"@type\":\"ReadAction\",\"target\":[\"https:\/\/quintadaestrela.com\/de\/datenschutzbestimmungen\/\"]}]},{\"@type\":\"BreadcrumbList\",\"@id\":\"https:\/\/quintadaestrela.com\/de\/datenschutzbestimmungen\/#breadcrumb\",\"itemListElement\":[{\"@type\":\"ListItem\",\"position\":1,\"name\":\"Home\",\"item\":\"https:\/\/quintadaestrela.com\/de\/\"},{\"@type\":\"ListItem\",\"position\":2,\"name\":\"Datenschutzbestimmungen\"}]},{\"@type\":\"WebSite\",\"@id\":\"https:\/\/quintadaestrela.com\/de\/#website\",\"url\":\"https:\/\/quintadaestrela.com\/de\/\",\"name\":\"Quinta Da Estrela\",\"description\":\"\",\"potentialAction\":[{\"@type\":\"SearchAction\",\"target\":{\"@type\":\"EntryPoint\",\"urlTemplate\":\"https:\/\/quintadaestrela.com\/de\/?s={search_term_string}\"},\"query-input\":{\"@type\":\"PropertyValueSpecification\",\"valueRequired\":true,\"valueName\":\"search_term_string\"}}],\"inLanguage\":\"de\"}]}<\/script>\n<!-- \/ Yoast SEO plugin. -->","yoast_head_json":{"title":"Datenschutzbestimmungen - Quinta Da Estrela","robots":{"index":"index","follow":"follow","max-snippet":"max-snippet:-1","max-image-preview":"max-image-preview:large","max-video-preview":"max-video-preview:-1"},"canonical":"https:\/\/quintadaestrela.com\/de\/datenschutzbestimmungen\/","og_locale":"de_DE","og_type":"article","og_title":"Datenschutzbestimmungen - Quinta Da Estrela","og_description":"Datenschutzrichtlinie f\u00fcr Quinta da Estrela Wir bei Quinta da Estrela sind uns der Bedeutung Ihrer Privatsph\u00e4re bewusst und unternehmen alle... Read moreRead more&nbsp;Datenschutzbestimmungen","og_url":"https:\/\/quintadaestrela.com\/de\/datenschutzbestimmungen\/","og_site_name":"Quinta Da Estrela","article_modified_time":"2025-11-26T11:50:35+00:00","twitter_card":"summary_large_image","twitter_misc":{"Gesch\u00e4tzte Lesezeit":"3\u00a0Minuten"},"schema":{"@context":"https:\/\/schema.org","@graph":[{"@type":"WebPage","@id":"https:\/\/quintadaestrela.com\/de\/datenschutzbestimmungen\/","url":"https:\/\/quintadaestrela.com\/de\/datenschutzbestimmungen\/","name":"Datenschutzbestimmungen - Quinta Da Estrela","isPartOf":{"@id":"https:\/\/quintadaestrela.com\/de\/#website"},"datePublished":"2021-08-19T01:12:00+00:00","dateModified":"2025-11-26T11:50:35+00:00","breadcrumb":{"@id":"https:\/\/quintadaestrela.com\/de\/datenschutzbestimmungen\/#breadcrumb"},"inLanguage":"de","potentialAction":[{"@type":"ReadAction","target":["https:\/\/quintadaestrela.com\/de\/datenschutzbestimmungen\/"]}]},{"@type":"BreadcrumbList","@id":"https:\/\/quintadaestrela.com\/de\/datenschutzbestimmungen\/#breadcrumb","itemListElement":[{"@type":"ListItem","position":1,"name":"Home","item":"https:\/\/quintadaestrela.com\/de\/"},{"@type":"ListItem","position":2,"name":"Datenschutzbestimmungen"}]},{"@type":"WebSite","@id":"https:\/\/quintadaestrela.com\/de\/#website","url":"https:\/\/quintadaestrela.com\/de\/","name":"Quinta Da Estrela","description":"","potentialAction":[{"@type":"SearchAction","target":{"@type":"EntryPoint","urlTemplate":"https:\/\/quintadaestrela.com\/de\/?s={search_term_string}"},"query-input":{"@type":"PropertyValueSpecification","valueRequired":true,"valueName":"search_term_string"}}],"inLanguage":"de"}]}},"_links":{"self":[{"href":"https:\/\/quintadaestrela.com\/de\/wp-json\/wp\/v2\/pages\/11816","targetHints":{"allow":["GET"]}}],"collection":[{"href":"https:\/\/quintadaestrela.com\/de\/wp-json\/wp\/v2\/pages"}],"about":[{"href":"https:\/\/quintadaestrela.com\/de\/wp-json\/wp\/v2\/types\/page"}],"author":[{"embeddable":true,"href":"https:\/\/quintadaestrela.com\/de\/wp-json\/wp\/v2\/users\/1"}],"replies":[{"embeddable":true,"href":"https:\/\/quintadaestrela.com\/de\/wp-json\/wp\/v2\/comments?post=11816"}],"version-history":[{"count":8,"href":"https:\/\/quintadaestrela.com\/de\/wp-json\/wp\/v2\/pages\/11816\/revisions"}],"predecessor-version":[{"id":27223,"href":"https:\/\/quintadaestrela.com\/de\/wp-json\/wp\/v2\/pages\/11816\/revisions\/27223"}],"wp:attachment":[{"href":"https:\/\/quintadaestrela.com\/de\/wp-json\/wp\/v2\/media?parent=11816"}],"curies":[{"name":"wp","href":"https:\/\/api.w.org\/{rel}","templated":true}]}}